{"id":63,"date":"2020-03-13T19:09:32","date_gmt":"2020-03-13T18:09:32","guid":{"rendered":"https:\/\/vaya-con-dios.nl\/?page_id=63"},"modified":"2025-06-12T16:23:54","modified_gmt":"2025-06-12T15:23:54","slug":"laatste-nieuwtjes","status":"publish","type":"page","link":"https:\/\/vaya-con-dios.nl\/index.php\/laatste-nieuwtjes\/","title":{"rendered":"laatste nieuwtjes"},"content":{"rendered":"\r\n<p>We hebben de website weer up to date. Al een heel stuk althans. Ondertussen weet iedereen dat we binnen de vaya Con Dios kennel weer terug Greyhounds hebben. Brinly Gold de Vier Wieken en Trap Twos Firestorm. Waar mijn moeder jaren geleden mee is begonnen gaan we weer voort zetten. Onze Bjorn is een jonge reu en is pas begonnen met zijn ren carriere. Pas 18.5 maand jong en heeft zijn twee wedstrijden achter de rug. In Rotterdam werd hij knap derde. En de laatste keer in Gelsenkirchen miste hij op een haar de A finale maar verbeterde zijn tijd en dat zou de derde tijd van de dag zijn. Hieronder zijn filmpjes.<\/p>\r\n<div style=\"width: 660px;\" class=\"wp-video\"><video class=\"wp-video-shortcode\" id=\"video-63-1\" width=\"660\" height=\"372\" preload=\"metadata\" controls=\"controls\"><source type=\"video\/mp4\" src=\"https:\/\/vaya-con-dios.nl\/wp-content\/uploads\/2025\/06\/WhatsApp-Video-2025-06-09-at-12.21.42.mp4?_=1\" \/><a href=\"https:\/\/vaya-con-dios.nl\/wp-content\/uploads\/2025\/06\/WhatsApp-Video-2025-06-09-at-12.21.42.mp4\">https:\/\/vaya-con-dios.nl\/wp-content\/uploads\/2025\/06\/WhatsApp-Video-2025-06-09-at-12.21.42.mp4<\/a><\/video><\/div>\r\n<div style=\"width: 660px;\" class=\"wp-video\"><video class=\"wp-video-shortcode\" id=\"video-63-2\" width=\"660\" height=\"372\" preload=\"metadata\" controls=\"controls\"><source type=\"video\/mp4\" src=\"https:\/\/vaya-con-dios.nl\/wp-content\/uploads\/2025\/06\/WhatsApp-Video-2025-06-12-at-17.04.00.mp4?_=2\" \/><a href=\"https:\/\/vaya-con-dios.nl\/wp-content\/uploads\/2025\/06\/WhatsApp-Video-2025-06-12-at-17.04.00.mp4\">https:\/\/vaya-con-dios.nl\/wp-content\/uploads\/2025\/06\/WhatsApp-Video-2025-06-12-at-17.04.00.mp4<\/a><\/video><\/div>\r\n<p>&nbsp;<\/p>\r\n<p>Tevens zijn we bij onze Scoop gaan kijken. Nou die weet er ook al raad mee&#8230;&#8230;<\/p>\r\n<div style=\"width: 660px;\" class=\"wp-video\"><video class=\"wp-video-shortcode\" id=\"video-63-3\" width=\"660\" height=\"372\" preload=\"metadata\" controls=\"controls\"><source type=\"video\/mp4\" src=\"https:\/\/vaya-con-dios.nl\/wp-content\/uploads\/2025\/06\/WhatsApp-Video-2025-05-31-at-18.51.55.mp4?_=3\" \/><a href=\"https:\/\/vaya-con-dios.nl\/wp-content\/uploads\/2025\/06\/WhatsApp-Video-2025-05-31-at-18.51.55.mp4\">https:\/\/vaya-con-dios.nl\/wp-content\/uploads\/2025\/06\/WhatsApp-Video-2025-05-31-at-18.51.55.mp4<\/a><\/video><\/div>\r\n<p>&nbsp;<\/p>\r\n<p>&nbsp;<\/p>\r\n<p class=\"has-drop-cap\">We heten u van allen welkom op de vernieuwde website van de Vaya Con Dios kennel. Ik ben er dan ongeloofelijk trots op dat ik dit voort mag zetten. We hebben ons jongste twelg Vaya Con Dios sunflower nu enkele weken in huis. Een echte vrolijke pup die echt energie heeft voor 10 honden. Ook staat er aan het einde van het jaar een nestje gepland. Als u meer wil weten over het aankomend nestje in 2020 kunt u onder nestaankondiging kijken daar staan alle gegevens. We wensen iedereen veel kijk plezier op onze website.<\/p>\r\n<p>Zoals iedereen weet hebben we nu te maken met de covid 19. We zitten in een volledige lockdown. Evenementen en alles is uitgesteld. Maar ook in onze wereld met de honden is er wel wat gaande. We hebben als fokkers ons te houden aan de volgende afspraken. Ook hier riskeer je een grote boete ( buitenland ) Het is wel spijtig dat je een nestje pups hebt liggen. Deze zullen op latere leeftijd pas naar de nieuwe eigenaren mogen. Wat vervoeren is er niet bij. Dit is de laatste berichtgeving vanuit de Sint Hubert in Belgie. Houd u aan de regels aub en ga voorzichtig met u trouwe viervoeters om. \u00a0<\/p>\r\n<p>Beste fokkers,<br \/>Beste leden van de KMSH,<br \/>Beste hondenliefhebbers,<\/p>\r\n<p>Wij willen U graag enkelen belangrijke details meegeven om hetgeen via verschillende sociale netwerken worden verspreid, om deze te weerleggen : <br \/>1. Laat het duidelijk zijn dat het de werkgroep van de federale regering onder de leiding van de Eerste Minister aan zet is. Deze werkgroep (veiligheidsraad) vergadert eveneens met de minister-presidenten, en zijn de beslissingen van toepassing voor het ganse grondgebied.<br \/>2. Het fundamentele principe is duidelijk en is bevestigd door de directeur van het kabinet van de eerste minister, de secretaris van de regering, Gerard Duffy : Activiteiten zijn niet verboden, het zijn de voorwaarden die bewerkt zijn. Een restaurant mag niet geopend zijn, maar mag wel gerechten aan huis afleveren. Een loodgieter of een verver mag zijn werk in het gebouw van zijn client afwerken, een winkel met werkbenodigdheden mag zijn klanten aan huis beleveren.<br \/>\u2022 Voor zover dat de nodige afstand van 1.5 m en de hygi\u00ebne wordt gerespecteerd.<br \/>\u2022 DUS de aflevering van een puppy door de fokker is mogelijk! Het is een activiteit die niet specifiek verboden is in de tekst.<br \/>\u2022 Het is niet verplicht of voorgeschreven dat er moet beroep gedaan worden op een transporteur.<br \/>Op het einde van de week zullen de offici\u00eble teksten medegedeeld worden aan de fokkers en de nieuwe eigenaars van een Puppy.<\/p>\r\n<p>Dus : <br \/>\u2022 U kan puppy&#8217;s afleveren aan de nieuwe eigenaar.<br \/>\u2022 U moet geen beroep doen op een special transport.<br \/>\u2022 Transport door Uzelf of een transporteur naar het buitenland is VERBODEN! Laat U niets wijsmaken van mensen die deze situatie proberen uit te buiten voor hun eigen belang.<br \/>Hieronder vindt U een kopie van de sms ontvangen van de gouverneur van het kabinet van de Eerste minister Gerard Duffy gisteren dinsdag 31\/03 om 14.50.<\/p>\r\n<p>Het is ook de kans voor ons om ons info\u2019s en initiatieven te delen via een nieuwe facebookgroep, hier is de link.<\/p>\r\n<p>https:\/\/www.facebook.com\/groups\/2837858972967654\/<\/p>\r\n<p>Bedankt voor jullie hulp in deze moeilijke tijden. Blijf voorzichtig en vooral gezond.Chers \u00e9leveurs,Chers membres de la KMSH,Chers amoureux des chiens,Nous aimerions vous donner quelques d\u00e9tails importants sur ce qui est distribu\u00e9 sur les diff\u00e9rents r\u00e9seaux sociaux, pour le r\u00e9futer:1. Qu&#8217;il soit clair que c&#8217;est la t\u00e2che du groupe de travail du gouvernement f\u00e9d\u00e9ral sous la direction du Premier ministre. Ce groupe de travail (Conseil de s\u00e9curit\u00e9) rencontre \u00e9galement les premiers ministres et les d\u00e9cisions s&#8217;appliquent \u00e0 l&#8217;ensemble du territoire.2. Le principe fondamental est clair et a \u00e9t\u00e9 confirm\u00e9 par le directeur du cabinet du Premier ministre, le secr\u00e9taire du gouvernement, G\u00e9rard Duffy: les activit\u00e9s ne sont pas interdites, ce sont les conditions qui ont \u00e9t\u00e9 modifi\u00e9es. Un restaurant peut ne pas \u00eatre ouvert, mais peut livrer des plats \u00e0 votre domicile. Un plombier ou un teinturier peut terminer son travail dans le b\u00e2timent de son client, un magasin de fournitures de travail peut livrer \u00e0 ses clients \u00e0 domicile.\u2022 Dans la mesure o\u00f9 la distance n\u00e9cessaire de 1,5 m et l&#8217;hygi\u00e8ne sont respect\u00e9es.\u2022 SO livraison d&#8217;un chiot par les \u00e9leveurs possible! C&#8217;est une activit\u00e9 qui n&#8217;est pas sp\u00e9cifiquement interdite dans le texte.\u2022 Il n&#8217;est ni obligatoire ni obligatoire de faire appel \u00e0 un op\u00e9rateur.A la fin de la semaine, les textes officiels seront communiqu\u00e9s aux \u00e9leveurs et aux nouveaux propri\u00e9taires d&#8217;un Chiot.Donc:\u2022 Vous pouvez livrer des chiots au nouveau propri\u00e9taire.\u2022 Vous ne devez pas compter sur un transport sp\u00e9cial.\u2022 Le transport par vous-m\u00eame ou par un transporteur \u00e0 l&#8217;\u00e9tranger est INTERDIT! Ne vous laissez pas berner par les personnes qui tentent d&#8217;exploiter cette situation \u00e0 leur propre avantage.Ci-dessous vous trouverez une copie du SMS re\u00e7u du gouverneur du cabinet du Premier ministre G\u00e9rard Duffy hier mardi 31\/03 \u00e0 14h50.<\/p>\r\n<p>Thierry Vercauter<br \/>Secretaris generaal<br \/><br \/><\/p>\r\n<p>Hieronder de Franse vertaling via Google Translate.<\/p>\r\n<p>C&#8217;est aussi l&#8217;occasion pour nous de partager nos infos et initiatives \u00e0 travers un nouveau groupe facebook, voici le lien.https:\/\/www.facebook.com\/groups\/2837858972967654\/Merci pour votre aide en ces temps difficiles. Restez prudent et surtout en bonne sant\u00e9.Thierry VercauterSecr\u00e9taire G\u00e9n\u00e9ral<\/p>\r\n<p>xxxxxxxxxxxxxxxxxxxxxxxxxxxxxxxxxxxxxxxxxxxxxxxxxxxxxxxxxxxxxxxxxxx<\/p>\r\n<p>Op 24 oktober 2020 zijn Vaya Con Dios Amazing Dreamer en Lady Luck zijn de trotse ouders geworden van 7 gezonde puppie&#8217;s. 2 reuen en 5 teven. Alle puppie&#8217;s hebben al een eigenaar en ze hebben ook alle een naam. ( Toby, Tygo, Tinkelbel, Tiffany, Trixie, Tara Star en Tippy )\u00a0<\/p>\r\n","protected":false},"excerpt":{"rendered":"<p>We hebben de website weer up to date. Al een heel stuk althans. Ondertussen weet iedereen dat we binnen de vaya Con Dios kennel weer terug Greyhounds hebben. Brinly Gold de Vier Wieken en Trap Twos Firestorm. Waar mijn moeder jaren geleden mee is begonnen gaan we weer voort zetten. Onze Bjorn is een jonge &hellip; <a href=\"https:\/\/vaya-con-dios.nl\/index.php\/laatste-nieuwtjes\/\" class=\"more-link\">Verder lezen <span class=\"screen-reader-text\">laatste nieuwtjes<\/span><\/a><\/p>\n","protected":false},"author":1,"featured_media":280,"parent":0,"menu_order":4,"comment_status":"closed","ping_status":"closed","template":"","meta":{"footnotes":""},"class_list":["post-63","page","type-page","status-publish","has-post-thumbnail","hentry"],"_links":{"self":[{"href":"https:\/\/vaya-con-dios.nl\/index.php\/wp-json\/wp\/v2\/pages\/63","targetHints":{"allow":["GET"]}}],"collection":[{"href":"https:\/\/vaya-con-dios.nl\/index.php\/wp-json\/wp\/v2\/pages"}],"about":[{"href":"https:\/\/vaya-con-dios.nl\/index.php\/wp-json\/wp\/v2\/types\/page"}],"author":[{"embeddable":true,"href":"https:\/\/vaya-con-dios.nl\/index.php\/wp-json\/wp\/v2\/users\/1"}],"replies":[{"embeddable":true,"href":"https:\/\/vaya-con-dios.nl\/index.php\/wp-json\/wp\/v2\/comments?post=63"}],"version-history":[{"count":8,"href":"https:\/\/vaya-con-dios.nl\/index.php\/wp-json\/wp\/v2\/pages\/63\/revisions"}],"predecessor-version":[{"id":515,"href":"https:\/\/vaya-con-dios.nl\/index.php\/wp-json\/wp\/v2\/pages\/63\/revisions\/515"}],"wp:featuredmedia":[{"embeddable":true,"href":"https:\/\/vaya-con-dios.nl\/index.php\/wp-json\/wp\/v2\/media\/280"}],"wp:attachment":[{"href":"https:\/\/vaya-con-dios.nl\/index.php\/wp-json\/wp\/v2\/media?parent=63"}],"curies":[{"name":"wp","href":"https:\/\/api.w.org\/{rel}","templated":true}]}}